{"id":113,"date":"2022-07-20T14:45:41","date_gmt":"2022-07-20T14:45:41","guid":{"rendered":"https:\/\/gradoasiaoriental.usal.es\/?page_id=113"},"modified":"2025-09-23T16:24:40","modified_gmt":"2025-09-23T15:24:40","slug":"profejap","status":"publish","type":"page","link":"https:\/\/gradoasiaoriental.usal.es\/en\/profejap\/","title":{"rendered":"(Espa\u00f1ol) Menci\u00f3n de japon\u00e9s"},"content":{"rendered":"<p class=\"qtranxs-available-languages-message qtranxs-available-languages-message-en\">Sorry, this entry is only available in <a href=\"https:\/\/gradoasiaoriental.usal.es\/es\/wp-json\/wp\/v2\/pages\/113\" class=\"qtranxs-available-language-link qtranxs-available-language-link-es\" title=\"Espa\u00f1ol\">Espa\u00f1ol<\/a>.<\/p>","protected":false},"excerpt":{"rendered":"<p>Sorry, this entry is only available in Espa\u00f1ol.<\/p>\n","protected":false},"author":119,"featured_media":0,"parent":0,"menu_order":0,"comment_status":"closed","ping_status":"closed","template":"","meta":{"footnotes":""},"class_list":["post-113","page","type-page","status-publish","hentry"],"aioseo_notices":[],"_links":{"self":[{"href":"https:\/\/gradoasiaoriental.usal.es\/en\/wp-json\/wp\/v2\/pages\/113","targetHints":{"allow":["GET"]}}],"collection":[{"href":"https:\/\/gradoasiaoriental.usal.es\/en\/wp-json\/wp\/v2\/pages"}],"about":[{"href":"https:\/\/gradoasiaoriental.usal.es\/en\/wp-json\/wp\/v2\/types\/page"}],"author":[{"embeddable":true,"href":"https:\/\/gradoasiaoriental.usal.es\/en\/wp-json\/wp\/v2\/users\/119"}],"replies":[{"embeddable":true,"href":"https:\/\/gradoasiaoriental.usal.es\/en\/wp-json\/wp\/v2\/comments?post=113"}],"version-history":[{"count":28,"href":"https:\/\/gradoasiaoriental.usal.es\/en\/wp-json\/wp\/v2\/pages\/113\/revisions"}],"predecessor-version":[{"id":554,"href":"https:\/\/gradoasiaoriental.usal.es\/en\/wp-json\/wp\/v2\/pages\/113\/revisions\/554"}],"wp:attachment":[{"href":"https:\/\/gradoasiaoriental.usal.es\/en\/wp-json\/wp\/v2\/media?parent=113"}],"curies":[{"name":"wp","href":"https:\/\/api.w.org\/{rel}","templated":true}]}}